{"id":146,"date":"2014-11-11T01:09:16","date_gmt":"2014-11-11T01:09:16","guid":{"rendered":"http:\/\/themes.wplook.com\/conference\/?page_id=146"},"modified":"2015-11-23T21:02:25","modified_gmt":"2015-11-24T02:02:25","slug":"about-us","status":"publish","type":"page","link":"http:\/\/transitionseducation.ca\/fr\/about-us\/","title":{"rendered":"\u00c0 propos"},"content":{"rendered":"<p>L\u2019\u00e9ducation est l\u2019entreprise de toute une vie, depuis la tendre enfance jusqu&#8217;\u00e0 l&#8217;\u00e2ge adulte, et chaque \u00e9tape comprend ses transitions. La sixi\u00e8me conf\u00e9rence annuelle du COQES va par-del\u00e0 les fronti\u00e8res, les secteurs et les cloisonnements afin de rallier les meilleures id\u00e9es sur la fa\u00e7on dont nos secteurs de l&#8217;\u00e9ducation peuvent collaborer pour am\u00e9liorer l&#8217;acc\u00e8s \u00e0 l&#8217;\u00e9ducation, accro\u00eetre la qualit\u00e9 de l&#8217;enseignement et garantir que les Canadiennes et les Canadiens poss\u00e8dent les connaissances et les habilet\u00e9s dont ils ont besoin pour r\u00e9ussir. Le moment est venu de tenir cette conversation \u00e0 l&#8217;\u00e9chelle nationale. Joignez-vous \u00e0 nous pour examiner les sujets de pr\u00e9occupation communs \u00e0 chaque \u00e9tape du processus d&#8217;apprentissage.<\/p>\n<p>Nous remercions les membres du Comit\u00e9 consultatif des conf\u00e9rences de leur exp\u00e9rience, expertise et imagination\u00a0: <strong>Ron Canuel<\/strong>, Pr\u00e9sident et chef de la direction, Association canadienne d\u2019\u00e9ducation; <strong>Annie Kidder<\/strong>, Directrice g\u00e9n\u00e9rale, People for Education; <strong>Charles Pascal<\/strong>, Professeur, Psychologie appliqu\u00e9e et d\u00e9veloppement humain, IEPO, Universit\u00e9 de Toronto; <strong>Anita Simpson<\/strong>, Directrice des programmes et de l\u2019innovation, Conseil scolaire du comt\u00e9 de Simcoe; <strong>Helen Tewolde<\/strong>, Gestionnaire, Bureau des partenariats scolaires, Coll\u00e8ge George Brown.<\/p>\n","protected":false},"excerpt":{"rendered":"<p>L\u2019\u00e9ducation est l\u2019entreprise de toute une vie, depuis la tendre enfance jusqu&#8217;\u00e0 l&#8217;\u00e2ge adulte, et chaque \u00e9tape comprend ses transitions. La sixi\u00e8me conf\u00e9rence annuelle du COQES va par-del\u00e0 les fronti\u00e8res, les secteurs et les cloisonnements afin de rallier les meilleures id\u00e9es sur la fa\u00e7on dont nos secteurs de l&#8217;\u00e9ducation peuvent collaborer pour am\u00e9liorer l&#8217;acc\u00e8s \u00e0 [&hellip;]<\/p>\n","protected":false},"author":1,"featured_media":0,"parent":0,"menu_order":0,"comment_status":"open","ping_status":"open","template":"","meta":[],"_links":{"self":[{"href":"http:\/\/transitionseducation.ca\/fr\/wp-json\/wp\/v2\/pages\/146"}],"collection":[{"href":"http:\/\/transitionseducation.ca\/fr\/wp-json\/wp\/v2\/pages"}],"about":[{"href":"http:\/\/transitionseducation.ca\/fr\/wp-json\/wp\/v2\/types\/page"}],"author":[{"embeddable":true,"href":"http:\/\/transitionseducation.ca\/fr\/wp-json\/wp\/v2\/users\/1"}],"replies":[{"embeddable":true,"href":"http:\/\/transitionseducation.ca\/fr\/wp-json\/wp\/v2\/comments?post=146"}],"version-history":[{"count":2,"href":"http:\/\/transitionseducation.ca\/fr\/wp-json\/wp\/v2\/pages\/146\/revisions"}],"predecessor-version":[{"id":266,"href":"http:\/\/transitionseducation.ca\/fr\/wp-json\/wp\/v2\/pages\/146\/revisions\/266"}],"wp:attachment":[{"href":"http:\/\/transitionseducation.ca\/fr\/wp-json\/wp\/v2\/media?parent=146"}],"curies":[{"name":"wp","href":"https:\/\/api.w.org\/{rel}","templated":true}]}}